{"id":486,"date":"2023-08-07T14:08:32","date_gmt":"2023-08-07T14:08:32","guid":{"rendered":"https:\/\/business-one.local\/?page_id=486"},"modified":"2026-01-30T00:03:35","modified_gmt":"2026-01-30T00:03:35","slug":"contact","status":"publish","type":"page","link":"https:\/\/demos.websitevalet.com\/gp-nomad\/contact\/","title":{"rendered":"Contact"},"content":{"rendered":"\n<div class=\"gbp-section--sm\">\n<div class=\"gbp-section__inner gb-element-ea54bd53\">\n<div class=\"gb-element-3f8e2c0d\">\n<h1 class=\"gb-text gbp-section__highlight gb-text-75205d6b\">Say <mark style=\"background-color:rgba(0, 0, 0, 0)\" class=\"has-inline-color has-contrast-2-color\">hello<\/mark><\/h1>\n\n\n\n<p class=\"gb-text\">Thanks for stopping by and exploring our travel adventures with us! Whether you&#8217;ve been inspired by our stories, have questions about destinations, or travel tips, we&#8217;d love to hear from you.<\/p>\n\n\n\n<p class=\"gb-text\">Are you looking to reach over 10,000 fellow nomads? Reach out to us via email or fill our our form below with any sponsorship inquiries.<\/p>\n\n\n\n<p class=\"gb-text-7553c682\"><span class=\"gb-shape\"><svg aria-hidden=\"true\" role=\"img\" height=\"1em\" width=\"1em\" viewBox=\"0 0 512 512\" xmlns=\"http:\/\/www.w3.org\/2000\/svg\"><path fill=\"currentColor\" d=\"M464 64H48C21.49 64 0 85.49 0 112v288c0 26.51 21.49 48 48 48h416c26.51 0 48-21.49 48-48V112c0-26.51-21.49-48-48-48zm0 48v40.805c-22.422 18.259-58.168 46.651-134.587 106.49-16.841 13.247-50.201 45.072-73.413 44.701-23.208.375-56.579-31.459-73.413-44.701C106.18 199.465 70.425 171.067 48 152.805V112h416zM48 400V214.398c22.914 18.251 55.409 43.862 104.938 82.646 21.857 17.205 60.134 55.186 103.062 54.955 42.717.231 80.509-37.199 103.053-54.947 49.528-38.783 82.032-64.401 104.947-82.653V400H48z\"><\/path><\/svg><\/span><span class=\"gb-text\">hello @ nomad.com<\/span><\/p>\n\n\n\n<p class=\"gbp-section__accent-font gb-text-326c743d\"><span class=\"gb-shape\"><svg xmlns=\"http:\/\/www.w3.org\/2000\/svg\" data-name=\"Layer 1\" viewBox=\"0 0 313.4 313.4\"><path d=\"M308.33 313.4c-2.8 0-5.07-2.28-5.07-5.07v-35.36H10.14v35.36c0 2.8-2.28 5.07-5.07 5.07S0 311.12 0 308.33V267.9c0-2.8 2.28-5.07 5.07-5.07h10.09v-63.45l-9.45-9.47c-7.61-7.61-7.6-19.98 0-27.59 1.03-1.03 2.02-2.05 2.98-3.04 6.35-6.54 10.54-10.85 18.99-10.85 5.21 0 10.11 2.03 13.8 5.72l65.38 65.51a9.3 9.3 0 0 0 6.62 2.74h38.14V85.95H25.29c-2.85 0-4.39-1.95-4.88-3.77s-.13-4.27 2.34-5.7c38.42-22.17 65.47-37.81 85.21-49.23C141.63 7.8 153.05 1.19 155.54.06c.2 0 .42 0 .68-.04a5.342 5.342 0 0 1 2.37.34c.04.02.08.03.13.05 1.64.9 11.47 6.57 55.35 31.89 18.61 10.74 43.45 25.07 76.58 44.19 2.47 1.43 2.83 3.88 2.34 5.7s-2.02 3.76-4.88 3.76H161.77v96h34.35l-2.34-6c-2.61-6.71-2.27-13.96.95-20.41a25.37 25.37 0 0 1 15.82-13.08l2.6-.73 4.28-21.4a5.084 5.084 0 0 1 4.97-4.08h20.22c2.8 0 5.07 2.28 5.07 5.07s-2.28 5.07-5.07 5.07h-16.06L223.44 142l3.38 1.37c12.76 5.18 19.08 19.79 14.1 32.58l-2.34 6h9.09c2.8 0 5.07 2.28 5.07 5.07s-2.28 5.07-5.07 5.07h-85.91v30.29h132.12c10.76 0 19.51 8.75 19.51 19.51v66.43c0 2.8-2.28 5.07-5.07 5.07ZM27.69 158.56c-2.5 0-4.85.97-6.62 2.74-1.65 1.65-3.02 3-4.16 4.11-5.05 4.96-6.76 6.63-6.76 10.68 0 2.5.97 4.85 2.74 6.62 50.18 50.25 79.97 80.09 79.97 80.09h201.03c5.16 0 9.37-4.2 9.37-9.37v-11.56c0-5.16-4.2-9.37-9.37-9.37H113.48a19.42 19.42 0 0 1-13.8-5.71L34.3 161.28a9.3 9.3 0 0 0-6.62-2.74Zm-2.38 104.26h53.22l-53.22-53.3zm192.02-111.16c-8.34.01-15.13 6.8-15.13 15.14 0 8.35 6.79 15.15 15.15 15.15s15.15-6.79 15.15-15.15-6.62-14.97-15.07-15.14h-.1m-17.15-75.85h68.99l-99.66-57.5 30.66 57.5Zm-75.46 0h63.96L156.7 15.84zm-80.49 0h68.99l30.66-57.5-99.66 57.5Z\"><\/path><\/svg><\/span><span class=\"gb-text\">Safe travels and have fun exploring!<\/span><\/p>\n<\/div>\n\n\n\n<div class=\"gb-element-529bcea8\">\n<span class=\"gb-shape gb-shape-0488975c\"><svg xmlns=\"http:\/\/www.w3.org\/2000\/svg\" data-name=\"\u2014\u00ce\u00d3\u00c8_1\" viewBox=\"0 0 317.9 268.99\"><path d=\"M139.5 246.84c-.51 0-.95-.39-.99-.91-3.17-33.62 4.04-97.67 7.32-116.33l.35-2c2.58-14.82 3.2-18.34 16.39-25.08 9.76-4.98 24.41-14.6 37.33-24.51 15.24-11.68 20.54-17.94 20.48-19.44-3.26-.38-22.85 15.52-34.64 25.04-14.05 11.36-22.8 18.34-25.37 18.66-.56.07-1.9-.02-2.25-2.38-.15-.99-.13-2.36.04-4.03-3.79 4.61-6.57 6.76-8.3 6.42-.67-.13-2.23-.44-4.31-7.64-.36 1.42-.79 2.39-1.3 2.75-1.36.97-4.91-.32-9.58-2.96 1.38 1.74 2.31 2.96 2.65 3.43 3.86 5.42 4.91 8.21 3.63 9.66-2.34 2.63-10.96-1.93-31.99-13.43l-3.27-1.79C86.7 81.93 69.72 67.5 64.4 57.22c-1.9-3.68-2.46-6.37-1.77-8.48.82-2.47 3.15-3.6 5.63-4.8.67-.33 1.37-.66 2.06-1.04 1.84-1.01 2.98-2.19 4.31-3.55 2.15-2.21 4.59-4.72 10.6-7.32 4.02-1.74 8.35-.69 11.63 1.18 1.78-7.4 5.64-15.74 9.34-18.17 3.25-2.14 6.46-.64 8.8.45 1.18.55 2.4 1.12 3 .89 1.28-.5 3.16-2.41 5.53-4.83 1.82-1.86 3.89-3.96 6.35-6.14C136.34-.28 149.31-.36 153.3.25c1.6.25 3.05 1.14 4.74 2.17 3.47 2.13 8.24 5.05 17.72 4.13 2.61-.25 4.81.4 6.53 1.95 4.74 4.25 4.84 14.18 4.92 22.15.04 3.75.07 7.3.68 8.48.77 1.48 6.45 1.49 12.62-.73 1.42-.51 2.87-1.15 4.23-1.9-1.26-.36-2.38-.83-3.3-1.44-2.67-1.78-3.72-4.25-2.87-6.78 1.07-3.21 4.95-5.78 8.5-5.58 2.88.16 4.93 2.1 5.63 5.32.6 2.77-.68 5.25-2.89 7.33 2.7.27 5.68.32 8.48.37 5.84.1 10.88.19 13.15 1.98 2.03 1.59 3.11 6.99 4.37 13.24 1.21 6.01 2.58 12.83 4.76 15.16 1.17 1.25 2.68 1.64 4.28 2.06 4.99 1.31 8.44 3.28 7.35 16.88-1 12.46-29.11 17.6-56.3 22.56-5.13.94-9.98 1.82-14.57 2.75-9.25 1.86-20.34 4.44-24.09 7.89-11.64 10.71-14.38 109.65-14.4 127.41 0 .55-.45 1-1 1s-1-.45-1-1c0-1.15 1.48-116.4 15.05-128.88 3.25-2.99 10.74-5.49 25.05-8.38 4.61-.93 9.46-1.81 14.6-2.75 23.97-4.38 53.79-9.83 54.67-20.76 1.04-12.98-2.16-13.82-5.86-14.79-1.72-.45-3.67-.96-5.23-2.63-2.57-2.74-3.94-9.55-5.27-16.13-1.03-5.12-2.2-10.92-3.65-12.06-1.74-1.37-6.93-1.46-11.95-1.55-3.68-.06-7.43-.13-10.65-.62-1.91 1.3-4.16 2.37-6.41 3.18-6.27 2.25-13.46 2.89-15.07-.23-.83-1.6-.86-5.03-.91-9.38-.07-7.18-.17-17.02-4.26-20.69-1.31-1.17-2.94-1.65-5-1.45-10.16.99-15.25-2.14-18.96-4.42-1.56-.96-2.79-1.72-3.99-1.9-4.74-.73-16.38-.09-21.79 4.68-2.41 2.13-4.45 4.2-6.25 6.04-2.64 2.7-4.56 4.64-6.24 5.3-1.4.54-2.94-.18-4.57-.94-2.23-1.04-4.54-2.12-6.85-.59-2.48 1.63-5.39 6.81-7.42 13.19-.49 1.54-.9 3.06-1.22 4.49l.14.11c3.17 2.42 4.99 5.53 4.65 7.95-.15 1.07-.79 2.53-2.94 3.37-1.72.67-3.16.18-3.95-1.35-.96-1.87-.89-5.29-.15-9.18-2.88-1.8-6.82-2.94-10.39-1.4-5.64 2.44-7.93 4.8-9.95 6.88-1.38 1.42-2.68 2.76-4.78 3.91-.72.39-1.44.75-2.15 1.09-2.17 1.05-4.05 1.96-4.6 3.63-.51 1.53.03 3.8 1.64 6.93 5.07 9.81 22.09 24.21 40.47 34.25l3.27 1.79c13.04 7.13 27.83 15.21 29.54 13.85.01-.03.53-1.14-3.76-7.17-1-1.41-3.13-4.15-5.95-7.61-13.62-8.83-32.32-24.67-37.78-32.19-.81-1.11-3.27-4.51-1.1-6.11.61-.45 1.38-.6 2.3-.46 7.43 1.18 27.35 24.31 37.77 37.1 7.15 4.67 11.3 6.42 12.19 6 .51-.51.95-2.52 1.31-5.6-.85-3.73-1.77-8.62-2.74-15.04-2.93-19.46-6.27-56.94-1.14-59.69.36-.19 1.62-.7 2.69 1.02 2.8 4.51 4.02 24.77 4.22 42.24.05 4.32.15 21.02-1.05 31.07 1.44 6.36 2.83 10.23 3.86 10.57.61.11 3.13-1.38 8.48-8.43 2.81-15.77 13.42-45.3 21.81-46.77 1.62-.29 2.4.51 2.73 1.01 3.32 5.13-11.36 30.18-18.57 40.82a156 156 0 0 1-4.1 5.79c-.71 4.08-.8 6.78-.35 7.53 2.45-.6 14.01-9.94 24.23-18.2 25.81-20.86 34.82-27.39 37.31-24.96.32.32.68.89.54 1.82-1.14 7.48-40.24 35.88-58.86 45.39-12.31 6.28-12.77 8.93-15.33 23.64l-.35 2.01c-3.27 18.6-10.46 82.37-7.3 115.8a1 1 0 0 1-.9 1.09h-.1Zm41.71-199.78c-.08 0-.19 0-.31.03-3.88.68-9.68 10.61-14.77 25.29-2.04 5.87-3.54 11.2-4.54 15.6.48-.68.97-1.39 1.48-2.15 12.33-18.21 20.23-36.01 18.54-38.61-.03-.05-.1-.16-.39-.16Zm-88.69 7.55c-.17 0-.35.03-.47.12s-.1.76.74 2.16c3.42 5.63 15.63 16.3 26.21 24.38 2.13 1.62 4.12 3.09 5.98 4.42-10.94-12.98-26.63-30.17-32.14-31.05-.1-.02-.21-.03-.32-.03m48.85-37.34c-1.29 1.22-2.47 11.45-.39 34.91 1.04 11.81 2.51 22.48 4.03 30.75.88-15.07.66-39.88-1.27-55.59-.98-7.93-2.02-9.7-2.36-10.07ZM98.23 36.6c-.52 3.18-.51 5.73.11 6.93.22.42.49.77 1.45.4 1.02-.4 1.57-.98 1.68-1.78.21-1.51-1.09-3.72-3.24-5.56Zm108.46-11.9c-2.56 0-5.47 1.95-6.22 4.22-.7 2.09.75 3.59 2.09 4.49 1.14.76 2.72 1.26 4.56 1.59 2.5-1.85 4.15-4.11 3.62-6.54-.51-2.35-1.82-3.64-3.78-3.75h-.26Z\"><\/path><path d=\"M72.74 246.75c-.45 0-.86-.3-.97-.76-1.7-6.87-3.04-13.08-4.22-18.56-2.68-12.38-4.61-21.33-7.69-23.39-4.2-2.81-25.08 1.21-34.82 5.14-6.75 2.72-17.97 1.55-22.66-2.36-1.91-1.6-2.69-3.57-2.25-5.7.87-4.2 4.16-7.51 7.64-11.01.31-.31.62-.62.93-.94-2.46-1.21-3.69-3.57-3.26-6.47.64-4.38 3.9-7.24 6.85-8.12 2.05-.61 3.89-.28 4.92.88.77.87 1.42 2.54.1 5.57-1.14 2.63-2.86 4.89-4.76 6.99 3.46 0 7.4-2.1 8.86-6.32 1.21-3.48-.51-5.09-2.69-7.12-2.88-2.69-6.48-6.03-1.82-14.34 2.88-5.14 4.17-8.79 5.1-11.45 1.58-4.47 2.37-6.72 7.91-8.87 4.67-1.81 11-.39 15.6 2.3.73-1.01 1.74-2 3.13-2.93 2.63-1.75 4.92-3.51 6.94-5.05 5.45-4.18 9.39-7.2 14.69-6.49 4.1.54 7.06 3.19 9.66 5.53 1.96 1.76 3.81 3.42 5.87 3.99 1.5.41 2.73.33 3.93.24 2.75-.19 5.34-.38 9.14 5.35 2.29 3.44 4.39 5.52 6.42 7.53 2.41 2.38 4.69 4.64 6.72 8.74 1.73 3.49 4.39 4.44 6.96 5.36 2.35.84 4.79 1.71 5.31 4.7.12.68.27 1.4.42 2.13 1 4.85 2.25 10.89-3.22 14.17-5.86 3.51-25.61 10.9-44.75 12.06-4.22.26-6.39.97-7.49 2.45-2.53 3.42-.44 12.12 4.14 31.18.99 4.13 2.1 8.74 3.31 13.9a.99.99 0 0 1-.75 1.2 1 1 0 0 1-1.2-.75c-1.2-5.16-2.31-9.77-3.3-13.89-4.87-20.28-6.89-28.67-3.8-32.84 1.85-2.49 5.4-3.04 8.97-3.26 18.79-1.14 38.13-8.35 43.84-11.78 4.25-2.55 3.25-7.38 2.29-12.05-.16-.75-.31-1.49-.43-2.19-.31-1.76-1.59-2.29-4.02-3.16-2.67-.96-6-2.15-8.08-6.36-1.88-3.8-3.94-5.84-6.33-8.2-2-1.98-4.28-4.23-6.67-7.84-3.15-4.75-4.81-4.64-7.33-4.46-1.3.09-2.77.2-4.6-.31-2.52-.69-4.54-2.51-6.68-4.43-2.51-2.25-5.1-4.58-8.59-5.04-4.47-.59-8.14 2.22-13.21 6.1-2.04 1.56-4.36 3.34-7.04 5.13-1.13.75-1.95 1.56-2.55 2.37.73.54 1.4 1.1 1.98 1.69 2.3 2.35 3.06 4.88 2.13 7.11-.95 2.3-2.53 2.44-3.15 2.41-1.76-.12-3.46-1.96-4.14-4.49-.26-.96-.7-3.42.49-6.1-4.15-2.43-9.87-3.72-13.88-2.16-4.68 1.82-5.25 3.41-6.75 7.67-.96 2.73-2.28 6.47-5.25 11.76-3.89 6.94-1.42 9.24 1.44 11.9 2.28 2.12 4.85 4.52 3.22 9.24-2.01 5.8-7.92 8.34-12.48 7.5-.54.56-1.09 1.11-1.64 1.66-3.27 3.29-6.36 6.39-7.1 10.01-.29 1.4.23 2.63 1.58 3.76 4.15 3.46 14.56 4.5 20.63 2.04 9.41-3.79 31.37-8.49 36.68-4.94 3.75 2.51 5.55 10.83 8.53 24.63 1.18 5.46 2.52 11.66 4.21 18.5a.995.995 0 0 1-.97 1.24m-58.51-70.48c-.42 0-.88.07-1.38.22-2.34.7-4.93 2.98-5.44 6.49-.43 2.97 1.47 4.17 2.78 4.64 2.12-2.25 4.08-4.64 5.28-7.4.69-1.58.77-2.84.24-3.44-.3-.34-.82-.52-1.47-.52Zm31.99-31.19a7.3 7.3 0 0 0-.27 4.44c.48 1.8 1.59 2.96 2.34 3.01.57.03.98-.72 1.17-1.18.77-1.85-.51-3.71-1.72-4.94-.45-.46-.96-.91-1.53-1.33ZM211.99 268.99h-.14a.995.995 0 0 1-.85-1.13c1.35-9.78 15.5-53.51 18.92-62.52 2.86-7.55 14.62-7.49 24.06-7.46 2.1 0 4.09.02 5.88-.05 6.25-.28 16.98 5.92 26.42 11.35 5.77 3.32 11.22 6.46 14.01 7.09 7.53 1.69 12.28 2.16 14.97-8.95 2.13-8.78-1.52-13.18-4.19-16.39-.84-1.01-1.57-1.89-1.98-2.76-.52-1.09-.76-2.74-1.08-4.84-.72-4.81-1.7-11.4-6.61-15.24-3.56-2.78-9.92-2.66-16.07-2.54-5.9.11-11.48.22-14.5-2.3-3.28-2.74-4.55-8.29-2.82-12.38a8.3 8.3 0 0 1 2.07-2.96c-.03-.88-.04-1.76-.05-2.62-.05-4.54-.09-8.83-2.65-10.2-4.15-2.22-10.99-1.19-15.98-.44-2.65.4-4.74.71-6.14.56-1.86-.2-4.39-1.53-7.32-3.07-3.63-1.9-7.76-4.08-10.56-3.94-4.14.18-12.68 7.38-17.07 11.59-.89.86-2.22.98-3.89 1.14-2.67.25-6.32.6-10.49 3.98-3.11 2.52-5.46 6.86-6.67 11.01 1.19-.01 2.41.06 3.68.22 4.99.63 6.34 3.04 6.71 4.42.59 2.25-.54 4.91-2.83 6.62-2.48 1.85-5.46 2.04-7.98.52-1.44-.87-2.29-2.64-2.46-5.12-.09-1.33.03-2.87.33-4.5-7.23.89-12.19 5.13-15.28 8.97-6.64 8.25-8.58 19.26-7.43 22.5 2.37 6.67 17.72 8.65 34.22 4.41 6.86-1.76 11.95-.91 17.34-.01 2.84.47 5.82.97 9.28 1.09-.21-1.81-.49-3.74-.84-5.73-1.2-1.24-2.64-2.95-4.37-5.31-3.42-4.69-7.19-10.94-9.84-16.32-4.47-9.08-3.21-10.28-2.68-10.79.35-.34 1.15-.82 2.51-.22 4.36 1.91 13.21 14.15 16.47 31.9 2.06 1.95 2.92 1.91 3.04 1.9.66-.1 1.6-.72 2.78-1.99 1.43-9.22 9.59-30.55 13.69-35.76.62-.79 1.58-1.83 2.71-1.62.68.12 1.49.67 1.46 2.58-.1 6.09-8.9 27.52-16 35.64-.12.81-.15 1.43-.1 1.82 1.85-.43 8.4-3.54 14.22-6.32 22.72-10.81 33.23-15.06 35.44-11.7.41.62.5 1.34.26 2.08-1.45 4.42-16.02 10.1-36.44 17.63l-.26.1c-8.21 3.03-14.49 4.04-19.72 4.13.15 2.16.21 4.38.17 6.66-.2 10.27-6.07 26.71-12.87 45.75-2.12 5.94-4.32 12.08-6.41 18.25-.18.52-.75.8-1.27.63-.52-.18-.8-.75-.63-1.27 2.1-6.19 4.3-12.34 6.42-18.28 6.46-18.08 12.56-35.16 12.75-45.11.03-1.8-.05-4.07-.28-6.63-3.67-.11-6.82-.63-9.82-1.13-5.18-.87-10.07-1.68-16.52-.02-15.57 4-33.52 2.97-36.6-5.68-1.49-4.18.8-15.78 7.76-24.43 3.45-4.28 9.06-9.03 17.31-9.78 1.27-4.72 3.92-9.78 7.48-12.66 4.64-3.76 8.8-4.16 11.56-4.42 1.24-.12 2.31-.22 2.7-.59 2.07-1.98 12.66-11.89 18.37-12.15 3.35-.16 7.73 2.14 11.58 4.16 2.63 1.38 5.12 2.69 6.6 2.85 1.14.13 3.22-.19 5.63-.55 5.27-.79 12.48-1.88 17.22.66 3.6 1.93 3.66 7.02 3.71 11.94 0 .43 0 .87.02 1.3 1.89-.94 4.25-1.3 6.96-1.01 5.18.54 6.77 3.17 7.27 4.69.83 2.56-.19 5.68-2.53 7.78-2.42 2.17-5.61 2.68-8.53 1.37-3.4-1.53-4.55-4.87-4.95-8.58-.16.26-.29.54-.42.83-1.38 3.28-.35 7.89 2.26 10.06 2.45 2.04 7.66 1.94 13.18 1.83 6.5-.13 13.23-.26 17.34 2.97 5.53 4.33 6.63 11.67 7.35 16.52.28 1.85.52 3.46.9 4.28.31.65.96 1.43 1.71 2.34 2.77 3.34 6.96 8.38 4.59 18.14-3.05 12.58-9.39 12.22-17.35 10.43-3.08-.69-8.41-3.76-14.57-7.3-8.75-5.04-19.66-11.3-25.34-11.09-1.83.07-3.84.06-5.96.05-8.83-.03-19.81-.08-22.18 6.17-3.4 8.96-17.47 52.42-18.81 62.08a1 1 0 0 1-.99.86Zm14.59-77.41c.16 1.15.3 2.32.42 3.5 5.08-.08 11.18-1.05 19.19-4l.26-.1c13.53-4.99 33.97-12.54 35.24-16.38.06-.19.02-.28-.03-.36-.04-.06-1.06-1.38-11.52 2.75-6.53 2.58-14.42 6.34-21.39 9.65-10.15 4.83-14.09 6.65-15.55 6.56-.56-.04-1.03-.38-1.28-.94-.11-.24-.17-.55-.2-.94-.81.63-1.58 1.03-2.29 1.13-.41.06-1.26.19-2.85-.89Zm-18.05-33.16c-.35 2.59 7.18 17.66 14.59 26.87l.08.1c-2.15-9.54-6.11-19.79-12.75-25.72-1.08-.96-1.68-1.19-1.93-1.25Zm39.26-5.12c-.64.57-2.32 2.62-5.49 9.94-3.28 7.57-6.1 15.93-7.57 21.61 1.46-2.17 3.12-5.05 4.97-8.75 5.35-10.7 8.34-20.45 8.08-22.8Zm-59.03 4.64c-.34 1.64-.47 3.2-.38 4.52.12 1.77.65 3.03 1.5 3.54 1.8 1.09 3.95.94 5.75-.41 1.62-1.21 2.48-3.06 2.1-4.51-.41-1.54-2.19-2.59-5.03-2.95-1.37-.17-2.69-.24-3.93-.19Zm83.36-9.11c.2 3.9.92 7.39 3.92 8.74 3.14 1.41 5.5-.25 6.37-1.03 1.73-1.55 2.54-3.89 1.96-5.67-.59-1.83-2.57-3-5.57-3.32-2.77-.29-5.04.16-6.68 1.29Z\"><\/path><\/svg><\/span>\n\n\n\n<img loading=\"lazy\" decoding=\"async\" width=\"900\" height=\"675\" class=\"gb-media-dab136ad image-mask-1\" alt=\"A couple sitting on a dock\" src=\"https:\/\/demos.websitevalet.com\/gp-nomad\/wp-content\/uploads\/sites\/21\/2026\/01\/nomad-maldives.jpg\" title=\"nomad-maldives\" srcset=\"https:\/\/demos.websitevalet.com\/gp-nomad\/wp-content\/uploads\/sites\/21\/2026\/01\/nomad-maldives.jpg 900w, https:\/\/demos.websitevalet.com\/gp-nomad\/wp-content\/uploads\/sites\/21\/2026\/01\/nomad-maldives-300x225.jpg 300w, https:\/\/demos.websitevalet.com\/gp-nomad\/wp-content\/uploads\/sites\/21\/2026\/01\/nomad-maldives-768x576.jpg 768w\" sizes=\"auto, (max-width: 900px) 100vw, 900px\" \/>\n<\/div>\n<\/div>\n<\/div>\n\n\n\n<div class=\"gbp-section gb-element-f3ec7504\">\n<span class=\"gb-shape gb-shape-3923047c gb-shape--divider\"><svg preserveAspectRatio=\"none\" xmlns=\"http:\/\/www.w3.org\/2000\/svg\" data-name=\"Layer 1\" viewBox=\"0 0 400 8\"><path d=\"M377.78 4.42c-7.46.14-12.86-.29-19-.43l.43-.08c-17.52-.37-35.56-.53-52.51-.56-4.74-.27-9.79-.11-14.76-.37 3.17.14-2.85.11-2.34.33l-6.65-.13c-.44.06-1.16.12-2.13.12-6.93.02-15.94-.11-23.69-.04l.81-.11c-2.04.02-4.36.06-3.73.22-2.94-.13-9.19-.12-11.91-.43l-2.98.07c2.44-.15 2.62-.25 3.65-.36-4.69-.1-9.5-.25-14.66-.41 13.74.04 27.87 0 42.03-.02-1.97-.02-3.96-.05-5.96-.09-17.6-.34-35.21-.58-52.81-.84-10.71-.09-21.43-.16-32.24-.21 2.67.06 5.34.13 8.06.2 9.16.18 18.32.33 27.49.47-13.05-.1-26.13-.2-39.36-.24.54.02 1.11.03 1.62.05 1.59.05 3.21.09 4.83.13-12.53-.21-25.07-.39-37.6-.58-10.71-.09-21.43-.16-32.24-.21 2.67.06 5.34.13 8.06.2 9.16.18 18.32.33 27.49.47-13.05-.1-26.13-.2-39.36-.24.54.02 1.11.03 1.62.05 27.06.8 58.71.75 90.58.68 5.29.07 10.68.12 16.16.16-13.32.16-33.57.29-42.1.4-19.18.29-37.72.54-54.78-.04-2.7-.09-5.37-.2-8.01-.34 1.69.09-7.03.57-16.4.16-12.58.74-23.22-.07-36.3.6 6.01-.08 12.12-.15 17.92-.13l-1.79.02c.22.16.22.3-1.99.31-.08-.19-3.31-.21-4.95-.24-2.62-.02-2.26.36-5.04.22-.08.09.58.13.16.24-1.8.11-1.28.07-3.45.18-1.56 0-1.75-.14-1.88-.22-1.24-.06-2.57-.04-3.21.04 2.22.34-3.93.32-1.92.66l-2.21.04c1.13-.13 1.06-.18.12-.31-2.93.07-4.86.16-7.67.28-1.01-.06-.27-.07-1.08-.11-2.74.15-7.7-.33-8.64-.03.05 0 .08.02.11.02.19.04.24.05-.27.11 0-.02.02-.03.02-.04-.23.03-.57.06-.86.08-1.58-.1-2.87-.12-4.37-.05-.04.1 1.26.14 1.49.17l.28-.05c1.58.1 2.39.29 3.1.4-2.46-.21-5.9 0-8.25-.16l-1.03.13c-.34 0-.23-.03-.26-.05-1.08.09.89.24-.62.29.21-.1-.87-.12-1.76-.13-.75.19-13.4-.42-14.43-.31-1.24-.03 5.54.22 8.56.3-.35.02-.72.06-1.29.06.27.06-8.46-.46-8.64-.36-.61.06-1.4.1-2.19.02.48-.02.26-.05.05-.08l-1.68.02c.89.02.32.09.63.19-.54.06-1.28.08-2.03.09v3.45h400V5.04h-10.15c-3.29-.23-8.25-.37-12.07-.58ZM400 2.21c-3.63-.1-5.78-1.08-17.22-1.74 1.06.14 7.5.86 7.52 1.09L353.19 0c6.64.73 13.78 1.21 21.24 1.54-7.96-.04-15.76-.1-23-.26-3.33-.09-6.67-.18-10.03-.26-4.35-.07-8.67-.14-12.95-.22-14.12.12-27.74-.02-42.06-.02 9.91.33 19.83.46 29.74.85 9.91.33 22.8.2 30.74.59.14 0 .29.01.44.02 17.56-.1 35.13 1.4 52.7 1.26M29.58 1.26c-.01.18-10.46.28-14.97.01 1.74 0 3.34 0 4.97-.01L0 1.1v2.03C33.8 2.97 66.33 1.79 94.44.66c-28.3 0-37.61.53-64.87.59Z\"><\/path><\/svg><\/span>\n\n\n\n<span class=\"gb-shape gb-shape-5ec3e908\"><svg viewBox=\"0 0 268.98 269\" data-name=\"\u2014\u00ce\u00d3\u00c8_1\" xmlns=\"http:\/\/www.w3.org\/2000\/svg\"><path d=\"M134.46 269C61.14 269.01 1 209.86.01 136.33c-.51-38.34 14.13-73.95 40.17-97.7 8.68-7.92 16.09-11.19 19.8-8.76 1.33.87 3.24 3.23 1.17 9.34-1.22 3.61-4.33 8.25-17.64 12.02-9.23 2.62-14.69 11.3-17.64 18.11-6.32 14.6-6.99 34.11-3.34 41.16 2.7 5.23 5.52 8.59 8.49 12.15 3.34 3.99 6.79 8.12 10 15.02 5.69 12.25 30.15 21.89 42.43 19.17 1.11-.25 1.3-.53 1.3-.53.05-.84-3.38-3.46-5.88-5.37-6.66-5.08-15.78-12.04-13.76-20.08 1.46-5.77 1.5-9.36.13-11.29-1.29-1.82-3.95-2.39-8.41-2.8-1.02-.1-1.97-.16-2.84-.21-3.28-.21-5.64-.36-6.89-2.11-1.19-1.66-1.07-4.43.43-9.87 1.7-6.2 5.14-10.93 9.42-12.98 3.64-1.74 7.78-1.63 12.32.35 4.89 2.12 6.16 8.81 7.28 14.71.72 3.8 1.47 7.74 3.07 8.71.29.18.79.38 1.73.1 4.69-1.4 5.22-7.13 5.9-14.38 1.1-11.81 2.61-28 26.51-30.36 11.13-1.1 19.27-5.06 20.25-9.85.65-3.15-2.08-6.58-7.68-9.66-7.69-4.23-9.84-1.93-13.11 1.54-3.24 3.45-7.28 7.74-17.82 6.05-12.13-1.94-20.4-7.15-21.07-13.26-.28-2.53.64-7.34 9.96-11.04 18.49-7.34 25.98-2.17 30.46.93 2.54 1.76 3.14 2.01 4.23.92 1.58-1.58 1.03-2.67-.82-5.16-1.24-1.67-2.65-3.57-2.23-5.86.35-1.86 1.87-3.61 4.65-5.37 1.64-1.04 3.06-1.33 4.32-.91 2.3.77 3.4 3.61 4.78 7.22 1.6 4.17 3.59 9.36 8.09 12.01 4.5 2.66 8.85.9 11.16-2.02 3.01-3.81 3.41-10.41-2.5-16.54-8.83-9.18-17.05-9.78-20.17-9.61-3.04.16-5.52 1.2-6.79 2.84l-.44.56c-4.3 5.57-7.69 9.97-18.95 10.34-6.31.21-12.79-2.83-14.12-6.64-.45-1.3-.7-3.85 2.74-6.39C95.34 5.99 110.34.58 132.66.04c35.26-.86 68.84 12.24 94.51 36.85 26.3 25.22 41.14 59.24 41.79 95.81.41 23.15-7.87 35.66-14.52 45.72-5.56 8.4-10.36 15.65-8.69 26.67a1 1 0 0 1-.84 1.14.996.996 0 0 1-1.14-.84c-1.78-11.78 3.21-19.33 9-28.07 6.84-10.34 14.59-22.05 14.19-44.58-.64-36.03-15.27-69.55-41.18-94.4-14.97-14.35-32.67-24.73-51.83-30.63-9.57.62-11.51 2.04-11.81 2.84-.44 1.18 2.01 3.6 4.17 5.75 4.32 4.28 10.24 10.15 5.34 16.34-4.57 5.78-3.29 13.44.52 17.22 1.07 1.07 3.9 3.28 6.97.82 2.98-2.39 5.7-5.65 8.34-8.81 4.86-5.83 9.06-10.86 13.63-8.86 1.59.7 2.88 2.23 3.63 4.32 1.2 3.33.85 7.31-.97 10.93-2.94 5.86-5.72 14.8-2.27 24.08 2.51 6.75 6.43 9.25 9.22 8.72 2.74-.51 4.47-3.75 4.41-8.24-.05-3.68-.51-7.24-.92-10.38-.91-7.02-1.63-12.57 2.81-14.73 3.27-1.59 5.87.26 7.95 1.76 2.3 1.65 3.48 2.38 5.09.88.81-.75 2.6-1.72 5.44.24 4.81 3.32 10.91 14.41 8.68 19.92-1.43 3.54-3.14 6.88-5.85 7.35-1.77.31-3.64-.66-5.7-2.95-.28-.32-.79-.71-1.9-.45-5.54 1.3-17.15 16.44-20.63 28.86-5.42 19.35-5.71 32.08-.87 37.83 2.38 2.82 6.11 4 11.09 3.49 11.55-1.18 15.18-12.69 18.1-21.94 1.9-6.01 3.4-10.76 6.65-12 1.54-.59 3.25-.3 5.23.88 13.36 7.97 17.39 26.11 9.19 41.3-2.6 4.81-5.9 8.08-9.08 11.24-6.51 6.45-12.65 12.54-12.74 31.32-.12 23.63-8.12 34.46-24.89 48.46-17.74 14.82-44.35 24.66-63.23 23.4-7.63-.51-30.46-3.76-35.18-11.75-1.03-1.74-1.34-3.26-.97-4.62.65-2.37 3.25-3.79 6.26-5.44 4.56-2.5 10.23-5.61 12.53-13.17 3.51-11.52 6.69-12.17 15.18-13.89 3.66-.74 8.21-1.67 14.38-3.72 11.89-3.95 16.65-12.72 17.14-19.61.42-5.9-2.06-10.94-6.48-13.14-7.18-3.58-15.47-5.74-21.53-7.32-2.64-.69-4.92-1.28-6.63-1.86-3.18-1.07-5.89-4.87-8.77-8.88-2.59-3.62-5.27-7.36-8.17-8.84-6.87-3.5-15.91-9.91-15.1-25.11.17-3.12-.59-5.21-2.13-5.89-1.74-.76-4.46.24-6.62 2.44-2.35 2.41-4.16 6.51-2.16 10.79 8.96 19.2-.96 25.91-9.71 31.83-5.04 3.41-9.79 6.62-10.18 11.92-.59 8 6.49 15.99 12.73 23.05 1.91 2.16 3.71 4.2 5.25 6.17 7.17 9.22 6.69 14.5 1.68 31.35-1.36 4.59-.83 8.68 1.59 12.16 7.94 11.41 33.39 13.22 33.65 13.23.54.04.95.49.93 1.02-.01.54-.45.97-.99.97-.61 0-1.23.01-1.84.01ZM57.06 31.09c-3.06 0-8.49 2.6-15.53 9.02C15.91 63.47 1.5 98.53 2.01 136.3c.91 67.76 52.81 123.12 118.63 129.99-7.39-2.02-15.48-5.49-19.58-11.38-2.79-4-3.42-8.67-1.87-13.87 5.14-17.32 4.95-21.46-1.35-29.56-1.49-1.92-3.28-3.93-5.16-6.07-6.5-7.35-13.87-15.68-13.22-24.52.46-6.26 5.61-9.74 11.05-13.43 8.48-5.74 17.26-11.68 9.02-29.33-2.43-5.21-.28-10.15 2.54-13.04 2.76-2.83 6.32-3.99 8.85-2.88 1.36.6 3.61 2.41 3.32 7.82-.74 13.88 7.1 19.7 14.01 23.22 3.34 1.7 6.16 5.64 8.89 9.45 2.56 3.58 5.21 7.28 7.78 8.15 1.64.56 3.89 1.14 6.49 1.82 6.14 1.6 14.55 3.79 21.92 7.46 5.15 2.57 8.06 8.35 7.58 15.07-.54 7.54-5.68 17.11-18.51 21.37-6.28 2.09-10.9 3.03-14.61 3.78-8.28 1.68-10.51 2.13-13.67 12.51-2.54 8.34-8.86 11.81-13.48 14.34-2.61 1.43-4.87 2.67-5.29 4.22-.23.82.02 1.82.76 3.08 1.71 2.9 6.85 5.55 14.86 7.67 6.94 1.83 14.43 2.82 18.73 3.11 18.43 1.23 44.42-8.42 61.81-22.94 16.29-13.6 24.06-24.1 24.17-46.94.1-19.61 6.83-26.28 13.34-32.73 3.08-3.05 6.27-6.21 8.73-10.77 7.7-14.24 3.98-31.21-8.45-38.63-1.42-.85-2.56-1.09-3.5-.73-2.35.89-3.85 5.67-5.45 10.73-2.93 9.29-6.95 22.01-19.81 23.32-5.68.58-10-.83-12.83-4.19-5.36-6.37-5.21-19.34.48-39.65 3.51-12.55 15.29-28.68 22.1-30.27 1.98-.46 3.18.32 3.84 1.05 1.54 1.72 2.85 2.5 3.87 2.32 1.79-.31 3.34-3.65 4.34-6.14 1.68-4.15-3.49-14.43-7.97-17.52-1.29-.89-2.28-1.03-2.94-.42-2.88 2.67-5.51.79-7.62-.72-2.31-1.65-3.86-2.58-5.91-1.58-3 1.46-2.62 5.56-1.7 12.68.41 3.19.88 6.81.93 10.61.07 5.52-2.3 9.53-6.05 10.23-3.34.62-8.35-1.62-11.46-9.99-3.7-9.96-.76-19.46 2.36-25.67 1.55-3.08 1.87-6.58.87-9.35-.56-1.55-1.49-2.7-2.56-3.17-3.19-1.4-7.12 3.32-11.29 8.31-2.7 3.24-5.49 6.58-8.62 9.09-2.95 2.37-6.64 2-9.63-.97-5.75-5.71-4.86-14.59-.68-19.88 3.51-4.44-.1-8.65-5.18-13.68-2.97-2.94-5.53-5.48-4.63-7.87.69-1.83 3.2-2.97 8.36-3.65-11.58-3.03-23.65-4.44-35.93-4.15-21.88.53-36.73 5.95-42.79 10.44-1.83 1.35-2.52 2.74-2.04 4.12 1.03 2.95 6.81 5.47 12.16 5.3 10.32-.34 13.15-4.01 17.44-9.57l.44-.57c1.63-2.1 4.64-3.42 8.26-3.62 3.39-.18 12.31.44 21.72 10.22 6.75 7.01 6.18 14.68 2.63 19.17-3.42 4.33-8.95 5.34-13.75 2.5-5.1-3.01-7.23-8.56-8.94-13.02-1.15-2.99-2.14-5.57-3.54-6.04-.66-.22-1.52.01-2.63.71-2.26 1.42-3.52 2.78-3.75 4.04-.27 1.43.77 2.82 1.86 4.3 1.6 2.15 3.58 4.82.62 7.77-2.37 2.36-4.51.88-6.78-.69-4.15-2.86-11.09-7.66-28.58-.71-5.99 2.38-9.08 5.56-8.71 8.96.55 5.03 8.53 9.76 19.4 11.5 9.5 1.52 12.98-2.18 16.05-5.45 3.34-3.55 6.49-6.9 15.53-1.93 8.24 4.53 9.26 8.92 8.67 11.81-1.18 5.74-9.82 10.23-22.02 11.44-22.27 2.2-23.57 16.21-24.72 28.56-.72 7.69-1.33 14.33-7.32 16.11-1.26.38-2.39.27-3.34-.31-2.36-1.44-3.12-5.43-4-10.05-1.03-5.41-2.19-11.54-6.11-13.24-3.98-1.73-7.57-1.86-10.66-.38-3.76 1.8-6.8 6.06-8.35 11.7-1.26 4.59-1.49 7.11-.73 8.18.69.97 2.66 1.1 5.39 1.27.89.06 1.85.12 2.9.22 4.26.4 7.95.95 9.86 3.64 1.75 2.48 1.8 6.46.17 12.93-1.71 6.76 6.81 13.25 13.03 18 4.25 3.24 7.06 5.39 6.62 7.41-.33 1.49-2.2 1.9-2.82 2.04-13.21 2.92-38.54-7.08-44.67-20.29-3.09-6.66-6.46-10.69-9.72-14.58-2.92-3.49-5.93-7.09-8.74-12.52-3.92-7.59-3.35-27.54 3.28-42.87 4.48-10.35 11.02-17 18.93-19.24 12.41-3.52 15.22-7.59 16.29-10.74 1.2-3.53 1.06-6.09-.37-7.03-.46-.3-1.07-.46-1.83-.46Z\"><\/path><\/svg><\/span>\n\n\n\n<div class=\"gb-element-713fb0fa\">\n<h2 class=\"gb-text gb-text-260a0603\">Send us a message and we will respond as soon as possible<\/h2>\n\n\n\n<div class=\"gbp--border-radius gb-element-07676c9a\">\n<p class=\"gb-text gb-text-dcf0d577\">Your name<\/p>\n\n\n\n<div class=\"gb-element-109500b4\"><\/div>\n\n\n\n<p class=\"gb-text gb-text-c4902ec3\">Email address<\/p>\n\n\n\n<div class=\"gb-element-37b4c87d\"><\/div>\n\n\n\n<p class=\"gb-text gb-text-f9c85281\">Subject<\/p>\n\n\n\n<div class=\"gb-element-83790b58\"><\/div>\n\n\n\n<p class=\"gb-text gb-text-04087285\">Message<\/p>\n\n\n\n<div class=\"gb-element-df6ec521\"><\/div>\n\n\n\n<a class=\"gb-text gbp-button--primary gb-text-28095be6\" href=\"#\">Submit<\/a>\n\n\n\n<p class=\"gb-text gb-text-05ca5f18\">*Replace this mock form with your preferred form plugin<\/p>\n<\/div>\n<\/div>\n<\/div>\n","protected":false},"excerpt":{"rendered":"<p>Say hello Thanks for stopping by and exploring our travel adventures with us! Whether you&#8217;ve been inspired by our stories, have questions about destinations, or travel tips, we&#8217;d love to hear from you. Are you looking to reach over 10,000 fellow nomads? Reach out to us via email or fill our our form below with &#8230; <a title=\"Contact\" class=\"read-more\" href=\"https:\/\/demos.websitevalet.com\/gp-nomad\/contact\/\" aria-label=\"Read more about Contact\">Read more<\/a><\/p>\n","protected":false},"author":0,"featured_media":0,"parent":0,"menu_order":0,"comment_status":"closed","ping_status":"closed","template":"","meta":{"_acf_changed":false,"_kad_blocks_custom_css":"","_kad_blocks_head_custom_js":"","_kad_blocks_body_custom_js":"","_kad_blocks_footer_custom_js":"","_editorskit_title_hidden":false,"_editorskit_reading_time":0,"_editorskit_is_block_options_detached":false,"_editorskit_block_options_position":"{}","_kadence_starter_templates_imported_post":false,"footnotes":""},"class_list":{"0":"post-486","1":"page","2":"type-page","3":"status-publish","5":"no-featured-image-padding"},"acf":[],"taxonomy_info":[],"featured_image_src_large":false,"author_info":{"display_name":"","author_link":"https:\/\/demos.websitevalet.com\/gp-nomad\/author\/"},"comment_info":0,"_links":{"self":[{"href":"https:\/\/demos.websitevalet.com\/gp-nomad\/wp-json\/wp\/v2\/pages\/486","targetHints":{"allow":["GET"]}}],"collection":[{"href":"https:\/\/demos.websitevalet.com\/gp-nomad\/wp-json\/wp\/v2\/pages"}],"about":[{"href":"https:\/\/demos.websitevalet.com\/gp-nomad\/wp-json\/wp\/v2\/types\/page"}],"replies":[{"embeddable":true,"href":"https:\/\/demos.websitevalet.com\/gp-nomad\/wp-json\/wp\/v2\/comments?post=486"}],"version-history":[{"count":1,"href":"https:\/\/demos.websitevalet.com\/gp-nomad\/wp-json\/wp\/v2\/pages\/486\/revisions"}],"predecessor-version":[{"id":49557,"href":"https:\/\/demos.websitevalet.com\/gp-nomad\/wp-json\/wp\/v2\/pages\/486\/revisions\/49557"}],"wp:attachment":[{"href":"https:\/\/demos.websitevalet.com\/gp-nomad\/wp-json\/wp\/v2\/media?parent=486"}],"curies":[{"name":"wp","href":"https:\/\/api.w.org\/{rel}","templated":true}]}}